{"id":1267,"date":"2019-03-06T20:53:19","date_gmt":"2019-03-06T19:53:19","guid":{"rendered":"http:\/\/www.essi-net.eu\/?page_id=1267"},"modified":"2019-10-10T10:19:14","modified_gmt":"2019-10-10T08:19:14","slug":"location-and-hotels","status":"publish","type":"page","link":"https:\/\/www.essi-net.eu\/?page_id=1267","title":{"rendered":"Location and Hotels"},"content":{"rendered":"<h4>From D\u00fcsseldorf Airport to Dortmund central station:<\/h4>\n<p>D\u00fcsseldorf Airport station has a couple of direct train connections to Dortmund central station. You can reach D\u00fcsseldorf Airport station by taking the &#8220;SkyTrain&#8221; directly at the terminals.<\/p>\n<h4>From Dortmund Airport to Dortmund central station:<\/h4>\n<p>Dortmund Airport has not too many flight connections, but is quite near.<\/p>\n<p><strong><em>Airport-Express (direct connection)<\/em><\/strong><em>: <\/em>The Airport Express departs from Dortmund Airport to the central station ZOB at Dortmund&#8217;s main railway station every 60 minutes. The journey takes about 25 minutes.<\/p>\n<p><u>Price:<\/u> Adults 9\u20ac (cash only). A taxi drive is about 30\u20ac.<\/p>\n<h4>From Dortmund central station to DASA Working World Exhibition (conference venue):<\/h4>\n<p>Conference Venue:<br \/>\n<strong>DASA Working World Exhibition<\/strong><br \/>\n<strong>Friedrich-Henkel-Weg 1-25<\/strong><br \/>\n<strong>D-44149 Dortmund<\/strong><\/p>\n<p>Starting from the central station, please take the <strong>S1 train to \u201cSolingen HBf\u201d<\/strong> and <strong>leave it at \u201cDorstfeld S\u00fcd\u201d <\/strong>(2<sup>nd<\/sup> stop). The train departs every 20 minutes and takes about 5 minutes. From Dorstfeld S\u00fcd, it is way less than a 10 minutes walk to the venue.<\/p>\n<p>Directions at google maps: <a href=\"https:\/\/goo.gl\/maps\/Z8kCnh9MJ5JcnpWK7\">https:\/\/goo.gl\/maps\/Z8kCnh9MJ5JcnpWK7\u00a0<\/a><\/p>\n<h4>Accomodation options:<\/h4>\n<p><strong>Hotel Novum Excelsior 4*<\/strong><br \/>\nAddress: Lange Str. 1-3, 44137 Dortmund<br \/>\n<a href=\"https:\/\/www.novum-hotels.com\/en\/hotel-excelsior-dortmund\" target=\"_blank\" rel=\"noopener noreferrer\">https:\/\/www.novum-hotels.com\/en\/hotel-excelsior-dortmund<\/a><br \/>\n<strong>E-mail:<\/strong> <a href=\"mailto:gruppen@novum-hotels.de\" target=\"_blank\" rel=\"noopener noreferrer\"><strong>gruppen@novum-hotels.de<\/strong><\/a><br \/>\n<strong>Fax: +49 40 878877111<\/strong><br \/>\n<strong>Phone: +49 40 600808114<\/strong><br \/>\n<strong>Directions coming from the hotel to the conference venue:<\/strong><br \/>\n<a href=\"https:\/\/www.google.com\/maps\/dir\/hotel+novum+excelsior+dortmund\/DASA+Arbeitswelt+Ausstellung,+Friedrich-Henkel-Weg,+Dortmund\/@51.50387,7.4220491,14z\/am=t\/data=!3m1!4b1!4m14!4m13!1m5!1m1!1s0x47b919e648e50ec5:0xf59498607b1bd24a!2m2!1d7.4554122!2d51.5132836!1m5!1m1!1s0x47b919ae372583bd:0x9787dabf906bfcbf!2m2!1d7.4216781!2d51.4983408!3e3?hl=en\" target=\"_blank\" rel=\"noopener noreferrer\">https:\/\/www.google.com\/maps\/&#8230;<\/a><\/p>\n<p><strong>Hotel Esplanade 4*<\/strong><br \/>\nAddress: Burgwall 3, 44135 Dortmund<br \/>\n<a href=\"https:\/\/www.esplanade-dortmund.de\/blog\/\">https:\/\/www.esplanade-dortmund.de\/blog\/<\/a><br \/>\n<strong>Reservation: phone: +49 231 5853-0<\/strong><br \/>\n<strong>or e-mail:<\/strong> <a href=\"mailto:hotel@esplanade-dortmund.de\" target=\"_blank\" rel=\"noopener noreferrer\"><strong>hotel@esplanade-dortmund.de<\/strong><\/a><br \/>\n<strong>Directions coming from the hotel to the conference venue:<\/strong><br \/>\n<a href=\"https:\/\/www.google.com.br\/maps\/dir\/Hotel+Esplanade,+Burgwall+3,+44135+Dortmund\/DASA+Arbeitswelt+Ausstellung,+Friedrich-Henkel-Weg,+Dortmund\/@51.508123,7.4064316,13z\/am=t\/data=!3m1!4b1!4m14!4m13!1m5!1m1!1s0x47b9175865d52bcd:0xed907ea76ee7f43f!2m2!1d7.4690108!2d51.5176663!1m5!1m1!1s0x47b919ae372583bd:0x9787dabf906bfcbf!2m2!1d7.4216781!2d51.4983408!3e3?hl=en\" target=\"_blank\" rel=\"noopener noreferrer\">https:\/\/www.google.com.br\/maps\/&#8230;<\/a><\/p>\n<p><strong>Hotel Dorint 4*<\/strong><br \/>\n<strong>Free cancellation until 48 hours prior to your arrival.<\/strong><br \/>\nAddress: Lindemannstra\u00dfe 88, 44137 Dortmund<br \/>\n<a href=\"https:\/\/hotel-dortmund.dorint.com\/en\/\" target=\"_blank\" rel=\"noopener noreferrer\">https:\/\/hotel-dortmund.dorint.com\/en\/<\/a><br \/>\n<strong>reservation phone: +49 231 9113 610 30<\/strong><br \/>\n<strong>reservation fax: +49 231 9113<\/strong><br \/>\n<strong>reservation e-mail: <\/strong><a href=\"mailto:reservation.dortmund@dorint.com\" target=\"_blank\" rel=\"noopener noreferrer\"><strong>reservation.dortmund@dorint.com<\/strong><\/a><br \/>\n<strong>Distance to the venue: about 4 km &#8211; we recommend to take a taxi.<\/strong><\/p>\n<p><strong>Hotel TRYP 3* <\/strong><br \/>\n<strong>No free cancellation. <\/strong><br \/>\nAddress: Emil-Figge-Stra\u00dfe 41, 44227 Dortmund<br \/>\n<a href=\"https:\/\/www.melia.com\/en\/hotels\/germany\/dortmund\/tryp-dortmund-hotel\/index.html\" target=\"_blank\" rel=\"noopener noreferrer\">https:\/\/www.melia.com\/en\/hotels\/germany\/dortmund\/tryp-dortmund-hotel\/index.html<\/a><br \/>\n<strong>Reservation phone: +49 231 9705 0<\/strong><br \/>\n<strong>reservation fax: +49 231 444<\/strong><br \/>\n<strong>reservation mail: <a href=\"mailto:reception.tryp.dortmund.@melia.com\" target=\"_blank\" rel=\"noopener noreferrer\">reception.tryp.dortmund.@melia.com<\/a><\/strong><br \/>\n<strong>Directions coming from the hotel to the conference venue:<\/strong><br \/>\n<a href=\"https:\/\/www.google.com\/maps\/dir\/TRYP+Dortmund,+Emil-Figge-Stra%C3%9Fe,+Dortmund\/DASA+Arbeitswelt+Ausstellung,+Friedrich-Henkel-Weg,+Dortmund\/@51.4974923,7.418504,16z\/am=t\/data=!3m1!4b1!4m14!4m13!1m5!1m1!1s0x47b919b3cf9341fd:0x305e3fe9ddc52b54!2m2!1d7.4253222!2d51.4954162!1m5!1m1!1s0x47b919ae372583bd:0x9787dabf906bfcbf!2m2!1d7.4216781!2d51.4983408!3e2?hl=en\" target=\"_blank\" rel=\"noopener noreferrer\">https:\/\/www.google.com\/maps\/&#8230;<\/a><\/p>\n","protected":false},"excerpt":{"rendered":"<p>From D\u00fcsseldorf Airport to Dortmund central station: D\u00fcsseldorf Airport station has a couple of direct train connections to Dortmund central station. You can reach D\u00fcsseldorf Airport station by taking the &#8220;SkyTrain&#8221; directly at the terminals. From Dortmund Airport to Dortmund central station: Dortmund Airport has not too many flight connections, but is quite near. Airport-Express [&hellip;]<\/p>\n","protected":false},"author":14,"featured_media":0,"parent":0,"menu_order":0,"comment_status":"closed","ping_status":"closed","template":"","meta":{"footnotes":""},"class_list":["post-1267","page","type-page","status-publish","hentry"],"_links":{"self":[{"href":"https:\/\/www.essi-net.eu\/index.php?rest_route=\/wp\/v2\/pages\/1267","targetHints":{"allow":["GET"]}}],"collection":[{"href":"https:\/\/www.essi-net.eu\/index.php?rest_route=\/wp\/v2\/pages"}],"about":[{"href":"https:\/\/www.essi-net.eu\/index.php?rest_route=\/wp\/v2\/types\/page"}],"author":[{"embeddable":true,"href":"https:\/\/www.essi-net.eu\/index.php?rest_route=\/wp\/v2\/users\/14"}],"replies":[{"embeddable":true,"href":"https:\/\/www.essi-net.eu\/index.php?rest_route=%2Fwp%2Fv2%2Fcomments&post=1267"}],"version-history":[{"count":33,"href":"https:\/\/www.essi-net.eu\/index.php?rest_route=\/wp\/v2\/pages\/1267\/revisions"}],"predecessor-version":[{"id":1878,"href":"https:\/\/www.essi-net.eu\/index.php?rest_route=\/wp\/v2\/pages\/1267\/revisions\/1878"}],"wp:attachment":[{"href":"https:\/\/www.essi-net.eu\/index.php?rest_route=%2Fwp%2Fv2%2Fmedia&parent=1267"}],"curies":[{"name":"wp","href":"https:\/\/api.w.org\/{rel}","templated":true}]}}